{"id":68,"date":"2016-06-11T16:42:57","date_gmt":"2016-06-11T14:42:57","guid":{"rendered":"http:\/\/trofeo112.it\/?page_id=68"},"modified":"2021-04-14T16:36:38","modified_gmt":"2021-04-14T14:36:38","slug":"i-personaggi","status":"publish","type":"page","link":"https:\/\/trofeo112.it\/index.php\/i-personaggi\/","title":{"rendered":"I personaggi"},"content":{"rendered":"<p style=\"text-align: center;\"><strong>Pagina in corso di allestimento<\/strong><\/p>\n<p>Vi consigliamo di visitare le pagine dedicate alle annate agonistiche dove troverete divise per gara le gi\u00e0 molte classifiche raccolte, insieme ad altre info degli specifici anni del Trofeo.<\/p>\n<p>Altra pagina gi\u00e0 ricca di contenuti \u00e8 quella dei Racconti a cui molti Trofeisti hanno gi\u00e0 contribuito. Ne attendiamo altri per raccontare le tante storie, grandi e piccole, che hanno animato il Trofeo.<\/p>\n","protected":false},"excerpt":{"rendered":"<p>Pagina in corso di allestimento Vi consigliamo di visitare le pagine dedicate alle annate agonistiche dove troverete divise per gara le gi\u00e0 molte classifiche raccolte, insieme ad altre info degli specifici anni del Trofeo. Altra pagina gi\u00e0 ricca di contenuti \u00e8 quella dei Racconti a cui molti Trofeisti hanno gi\u00e0 contribuito. Ne attendiamo altri per raccontare le tante storie, grandi e piccole, che hanno animato&#8230;<\/p>\n","protected":false},"author":1,"featured_media":0,"parent":0,"menu_order":0,"comment_status":"closed","ping_status":"closed","template":"page-full-width.php","meta":{"footnotes":""},"_links":{"self":[{"href":"https:\/\/trofeo112.it\/index.php\/wp-json\/wp\/v2\/pages\/68"}],"collection":[{"href":"https:\/\/trofeo112.it\/index.php\/wp-json\/wp\/v2\/pages"}],"about":[{"href":"https:\/\/trofeo112.it\/index.php\/wp-json\/wp\/v2\/types\/page"}],"author":[{"embeddable":true,"href":"https:\/\/trofeo112.it\/index.php\/wp-json\/wp\/v2\/users\/1"}],"replies":[{"embeddable":true,"href":"https:\/\/trofeo112.it\/index.php\/wp-json\/wp\/v2\/comments?post=68"}],"version-history":[{"count":3,"href":"https:\/\/trofeo112.it\/index.php\/wp-json\/wp\/v2\/pages\/68\/revisions"}],"predecessor-version":[{"id":2821,"href":"https:\/\/trofeo112.it\/index.php\/wp-json\/wp\/v2\/pages\/68\/revisions\/2821"}],"wp:attachment":[{"href":"https:\/\/trofeo112.it\/index.php\/wp-json\/wp\/v2\/media?parent=68"}],"curies":[{"name":"wp","href":"https:\/\/api.w.org\/{rel}","templated":true}]}}